{"id":22,"date":"2020-01-29T07:25:00","date_gmt":"2020-01-29T06:25:00","guid":{"rendered":"https:\/\/augel.net\/?page_id=22"},"modified":"2026-03-20T08:56:28","modified_gmt":"2026-03-20T07:56:28","slug":"home","status":"publish","type":"page","link":"https:\/\/augel.kranzweb.de\/en\/","title":{"rendered":"Home"},"content":{"rendered":"<h2>SUSTAINABLE COMPLETE SOLUTIONS FOR SENSITIVE INDUSTRIAL BUILDINGS \u2013 INDIVIDUALLY TAILORED<\/h2>\n<p>Augel is the innovative, future-orientated construction service provider for work in highly sensitive plants in the petrochemical and manufacturing industries as well as in the energy sector. We think through, plan and realise our projects with a clear objective: to guarantee long-term safety, efficiency and sustainability in complex industrial structures.<\/p>\n<h3>What makes us unique<\/h3>\n<p>As a medium-sized family business with short decision-making processes, we react quickly and in a solution-orientated manner to new requirements. We combine decades of experience with an agile way of working. Our customers benefit from customised complete solutions that are not only technically impressive, but also economically viable and future-proof \u2013 true to our motto: think through, build, secure.<\/p>\n<h3>Cooperative partnership<\/h3>\n<p>We see ourselves not only as a service provider, but also as a highly effective partner. Our teams work closely with customers \u2013 openly, honestly and flexibly. We do not have rigid structures, but rather a cooperative working environment characterised by mutual trust and a strong sense of unity.<\/p>\n<h3>Technologically leading<\/h3>\n<p>Our technological standards are high: from modern process technologies and high-performance machinery to intelligent digital solutions, we consistently focus on continuous development. Our processes are not only efficient, but also documentable, traceable and auditable \u2013 this creates security and trust.<\/p>\n<p>We pervade every step with precision, vision and genuine enthusiasm for what we do. Because our claim is nothing less than: To realise construction projects in sensitive industrial buildings with the best know-how.<\/p>","protected":false},"excerpt":{"rendered":"<p>Zukunftsf\u00e4hige Komplettl\u00f6sungen f\u00fcr den sensiblen Industriebestand \u2013 individuell durchdacht Augel ist der innovative, zukunftsorientierte Baudienstleister f\u00fcr Arbeiten in hochsensiblen Anlagen der petrochemischen und produzierenden Industrie sowie in der Energiebranche. Wir durchdenken, durchplanen und realisieren unsere Projekte mit einem klaren Ziel: die langfristige Gew\u00e4hrleistung von Sicherheit, Effizienz und Nachhaltigkeit in komplexen industriellen Strukturen. Was uns besonders [&hellip;]<\/p>\n","protected":false},"author":3,"featured_media":0,"parent":0,"menu_order":18,"comment_status":"closed","ping_status":"closed","template":"","meta":{"_acf_changed":false,"footnotes":""},"class_list":["post-22","page","type-page","status-publish","hentry"],"acf":[],"_links":{"self":[{"href":"https:\/\/augel.kranzweb.de\/en\/wp-json\/wp\/v2\/pages\/22","targetHints":{"allow":["GET"]}}],"collection":[{"href":"https:\/\/augel.kranzweb.de\/en\/wp-json\/wp\/v2\/pages"}],"about":[{"href":"https:\/\/augel.kranzweb.de\/en\/wp-json\/wp\/v2\/types\/page"}],"author":[{"embeddable":true,"href":"https:\/\/augel.kranzweb.de\/en\/wp-json\/wp\/v2\/users\/3"}],"replies":[{"embeddable":true,"href":"https:\/\/augel.kranzweb.de\/en\/wp-json\/wp\/v2\/comments?post=22"}],"version-history":[{"count":6,"href":"https:\/\/augel.kranzweb.de\/en\/wp-json\/wp\/v2\/pages\/22\/revisions"}],"predecessor-version":[{"id":13558,"href":"https:\/\/augel.kranzweb.de\/en\/wp-json\/wp\/v2\/pages\/22\/revisions\/13558"}],"wp:attachment":[{"href":"https:\/\/augel.kranzweb.de\/en\/wp-json\/wp\/v2\/media?parent=22"}],"curies":[{"name":"wp","href":"https:\/\/api.w.org\/{rel}","templated":true}]}}