{"id":517,"date":"2020-01-30T11:30:27","date_gmt":"2020-01-30T10:30:27","guid":{"rendered":"https:\/\/augel.net\/?page_id=517"},"modified":"2026-02-10T11:44:13","modified_gmt":"2026-02-10T10:44:13","slug":"historie","status":"publish","type":"page","link":"https:\/\/augel.kranzweb.de\/en\/historie\/","title":{"rendered":"History"},"content":{"rendered":"<div data-elementor-type=\"wp-page\" data-elementor-id=\"517\" class=\"elementor elementor-517\" data-elementor-post-type=\"page\">\n\t\t\t\t<div class=\"elementor-element elementor-element-24330e7 e-con-full e-flex e-con e-parent\" data-id=\"24330e7\" data-element_type=\"container\" data-e-type=\"container\">\n\t\t\t\t<div class=\"elementor-element elementor-element-13093a4 e-transform elementor-hidden-desktop dce_masking-none elementor-widget elementor-widget-image\" data-id=\"13093a4\" data-element_type=\"widget\" data-e-type=\"widget\" data-settings=\"{&quot;_transform_translateX_effect_hover&quot;:{&quot;unit&quot;:&quot;px&quot;,&quot;size&quot;:-5,&quot;sizes&quot;:[]},&quot;_transform_translateX_effect_hover_tablet&quot;:{&quot;unit&quot;:&quot;px&quot;,&quot;size&quot;:&quot;&quot;,&quot;sizes&quot;:[]},&quot;_transform_translateX_effect_hover_mobile&quot;:{&quot;unit&quot;:&quot;px&quot;,&quot;size&quot;:&quot;&quot;,&quot;sizes&quot;:[]},&quot;_transform_translateY_effect_hover&quot;:{&quot;unit&quot;:&quot;px&quot;,&quot;size&quot;:&quot;&quot;,&quot;sizes&quot;:[]},&quot;_transform_translateY_effect_hover_tablet&quot;:{&quot;unit&quot;:&quot;px&quot;,&quot;size&quot;:&quot;&quot;,&quot;sizes&quot;:[]},&quot;_transform_translateY_effect_hover_mobile&quot;:{&quot;unit&quot;:&quot;px&quot;,&quot;size&quot;:&quot;&quot;,&quot;sizes&quot;:[]}}\" data-widget_type=\"image.default\">\n\t\t\t\t\t\t\t\t\t\t\t\t\t\t\t\t<a href=\"https:\/\/augel.kranzweb.de\/en\/ueber-uns\/\">\n\t\t\t\t\t\t\t<img decoding=\"async\" width=\"160\" height=\"162\" src=\"https:\/\/augel.kranzweb.de\/wp-content\/uploads\/2026\/02\/Pfeil-links4.svg\" class=\"attachment-large size-large wp-image-11410\" alt=\"\" \/>\t\t\t\t\t\t\t\t<\/a>\n\t\t\t\t\t\t\t\t\t\t\t\t\t\t\t<\/div>\n\t\t\t\t<div class=\"elementor-element elementor-element-eea9729 elementor-widget elementor-widget-heading\" data-id=\"eea9729\" data-element_type=\"widget\" data-e-type=\"widget\" data-widget_type=\"heading.default\">\n\t\t\t\t\t<h2 class=\"elementor-heading-title elementor-size-default\">History<\/h2>\t\t\t\t<\/div>\n\t\t\t\t<div class=\"elementor-element elementor-element-3736a1e elementor-widget elementor-widget-dce-dynamicposts-v2\" data-id=\"3736a1e\" data-element_type=\"widget\" data-e-type=\"widget\" data-settings=\"{&quot;timeline_timeline_rowspace&quot;:{&quot;unit&quot;:&quot;px&quot;,&quot;size&quot;:&quot;&quot;,&quot;sizes&quot;:[]},&quot;timeline_timeline_rowspace_tablet&quot;:{&quot;unit&quot;:&quot;px&quot;,&quot;size&quot;:&quot;&quot;,&quot;sizes&quot;:[]},&quot;timeline_timeline_rowspace_mobile&quot;:{&quot;unit&quot;:&quot;px&quot;,&quot;size&quot;:&quot;&quot;,&quot;sizes&quot;:[]}}\" data-widget_type=\"dce-dynamicposts-v2.timeline\">\n\t\t\t\t<div class=\"elementor-widget-container\">\n\t\t\t\t\t\n\t\t<div class=\"dce-fix-background-loop dce-posts-container dce-posts dce-dynamic-posts-collection  dce-timeline js-dce-timeline dce-timeline-container dce-skin-timeline\">\n\t\t\t\t\t\t<div class=\"dce-posts-wrapper dce-timeline-wrapper dce-wrapper-timeline\">\n\t\t\t\n\t\t<div class=\"dce-timeline__block\">\n\t\t\t<div class=\"dce-timeline__img dce-timeline__img--picture dce-timeline__img--hidden\">\n\t\t\t\t\t\t\t\t\t<img decoding=\"async\" src=\"https:\/\/augel.kranzweb.de\/wp-content\/uploads\/2023\/09\/Augel-GmbH_Digital-X-Award-2023-300x300.jpg\" alt=\"Award\u00fcbergabe an Rolf Scharmann durch Nazan Eckes und Christoph Ahlhaus\">\n\t\t\t\t\t\t\t\t<\/div>\n\n\t\t\t<div class=\"dce-timeline__content dce-timeline__content--hidden\">\n\t\t<div class=\"dce-item dce-item_date elementor-repeater-item-97a816f\">\t\t<div class=\"dce-post-date\">2023<\/div><\/div><div class=\"dce-item dce-item_image elementor-repeater-item-a3194c3\"><a class=\"dce-post-image dce-post-overlayimage\" href=\"https:\/\/augel.kranzweb.de\/en\/historie\/auszeichnung-mit-dem-ditigital-x-award\/\"><figure  class=\"dce-img\"><img fetchpriority=\"high\" decoding=\"async\" width=\"800\" height=\"534\" src=\"https:\/\/augel.kranzweb.de\/wp-content\/uploads\/2023\/09\/Augel-GmbH_Digital-X-Award-2023-1024x683.jpg\" class=\"\" alt=\"Digital X , K\u00f6ln , 21.9.2023B\u00fchnenprogrammNur zur redaktionellen Verwendung in internen Medien  in direktem Zusammenhang mit der Deutschen Telekom AG  Keine werbliche Nutzung  Persoenlichkeitsrechte mit den Abgebildeten nicht abgeklaert.\" srcset=\"https:\/\/augel.kranzweb.de\/wp-content\/uploads\/2023\/09\/Augel-GmbH_Digital-X-Award-2023-1024x683.jpg 1024w, https:\/\/augel.kranzweb.de\/wp-content\/uploads\/2023\/09\/Augel-GmbH_Digital-X-Award-2023-600x400.jpg 600w, https:\/\/augel.kranzweb.de\/wp-content\/uploads\/2023\/09\/Augel-GmbH_Digital-X-Award-2023-768x512.jpg 768w, https:\/\/augel.kranzweb.de\/wp-content\/uploads\/2023\/09\/Augel-GmbH_Digital-X-Award-2023-1536x1024.jpg 1536w, https:\/\/augel.kranzweb.de\/wp-content\/uploads\/2023\/09\/Augel-GmbH_Digital-X-Award-2023-2048x1365.jpg 2048w, https:\/\/augel.kranzweb.de\/wp-content\/uploads\/2023\/09\/Augel-GmbH_Digital-X-Award-2023-18x12.jpg 18w\" sizes=\"(max-width: 800px) 100vw, 800px\" \/><\/figure><\/a><\/div><div class=\"dce-item dce-item_title elementor-repeater-item-ccaacf3\"><h3 class=\"dce-post-title\"><a href=\"https:\/\/augel.kranzweb.de\/en\/historie\/auszeichnung-mit-dem-ditigital-x-award\/\">Auszeichnung mit dem Ditigital X Award<\/a><\/h3><\/div><div class=\"dce-item dce-item_content elementor-repeater-item-982bbfd\"><div class=\"dce-post-content\"><p>Augel erzielte beim Digital X Award 2023 in der Kategorie Zukunft der Arbeit den ersten Rang: in der Kategorie steht vor allem eine moderne Unternehmenskultur im Vordergrund, die Mitarbeitende aktiv in<br \/>\nDigitalisierungsprozesse einbindet.<\/p>\n<\/div><\/div>\t\t\t<\/div>\n\t\t<\/div>\n\t\t\n\t\t<div class=\"dce-timeline__block\">\n\t\t\t<div class=\"dce-timeline__img dce-timeline__img--picture dce-timeline__img--hidden\">\n\t\t\t\t\t\t\t<\/div>\n\n\t\t\t<div class=\"dce-timeline__content dce-timeline__content--hidden\">\n\t\t<div class=\"dce-item dce-item_date elementor-repeater-item-97a816f\">\t\t<div class=\"dce-post-date\">2023<\/div><\/div><div class=\"dce-item dce-item_image elementor-repeater-item-a3194c3\"><\/div><div class=\"dce-item dce-item_title elementor-repeater-item-ccaacf3\"><h3 class=\"dce-post-title\"><a href=\"https:\/\/augel.kranzweb.de\/en\/historie\/preistraeger-grosser-preis-des-mittelstandes\/\">Preistr\u00e4ger Gro\u00dfer Preis des Mittelstandes<\/a><\/h3><\/div><div class=\"dce-item dce-item_content elementor-repeater-item-982bbfd\"><div class=\"dce-post-content\"><p>Nachdem wir bereits 12 Mal nominiert und 2018 schon als Finalist beim Gro\u00dfen Preis des Mittelstandes dabei waren, sind wir in diesem Jahr als <strong>PREISTR\u00c4GER<\/strong> von der Oskar Patzelt Stiftung ausgezeichnet worden! Mit dem Gro\u00dfen Preis des Mittelstandes ehrt die Oskar Patzelt Stiftung solche Unternehmen, die in ihrer Gesamtheit, sowie in ihrer Rolle innerhalb der Gesellschaft besonders hervorstechen. Wir freuen uns au\u00dferordentlich \u00fcber diese Auszeichnung!<\/p>\n<\/div><\/div>\t\t\t<\/div>\n\t\t<\/div>\n\t\t\n\t\t<div class=\"dce-timeline__block\">\n\t\t\t<div class=\"dce-timeline__img dce-timeline__img--picture dce-timeline__img--hidden\">\n\t\t\t\t\t\t\t\t\t<img decoding=\"async\" src=\"https:\/\/augel.kranzweb.de\/wp-content\/uploads\/2020\/06\/Augel-2-BrandAward2019-scaled-300x300.jpg\" alt=\"\">\n\t\t\t\t\t\t\t\t<\/div>\n\n\t\t\t<div class=\"dce-timeline__content dce-timeline__content--hidden\">\n\t\t<div class=\"dce-item dce-item_date elementor-repeater-item-97a816f\">\t\t<div class=\"dce-post-date\">2019<\/div><\/div><div class=\"dce-item dce-item_image elementor-repeater-item-a3194c3\"><a class=\"dce-post-image dce-post-overlayimage\" href=\"https:\/\/augel.kranzweb.de\/en\/historie\/german-brand-award-winner\/\"><figure  class=\"dce-img\"><img decoding=\"async\" width=\"800\" height=\"604\" src=\"https:\/\/augel.kranzweb.de\/wp-content\/uploads\/2020\/06\/Augel-2-BrandAward2019-scaled-1024x773.jpg\" class=\"\" alt=\"German Brand Award Winner\" srcset=\"https:\/\/augel.kranzweb.de\/wp-content\/uploads\/2020\/06\/Augel-2-BrandAward2019-scaled-1024x773.jpg 1024w, https:\/\/augel.kranzweb.de\/wp-content\/uploads\/2020\/06\/Augel-2-BrandAward2019-scaled-600x453.jpg 600w, https:\/\/augel.kranzweb.de\/wp-content\/uploads\/2020\/06\/Augel-2-BrandAward2019-scaled-768x580.jpg 768w, https:\/\/augel.kranzweb.de\/wp-content\/uploads\/2020\/06\/Augel-2-BrandAward2019-scaled-1536x1159.jpg 1536w, https:\/\/augel.kranzweb.de\/wp-content\/uploads\/2020\/06\/Augel-2-BrandAward2019-scaled-2048x1546.jpg 2048w, https:\/\/augel.kranzweb.de\/wp-content\/uploads\/2020\/06\/Augel-2-BrandAward2019-scaled-16x12.jpg 16w\" sizes=\"(max-width: 800px) 100vw, 800px\" \/><\/figure><\/a><\/div><div class=\"dce-item dce-item_title elementor-repeater-item-ccaacf3\"><h3 class=\"dce-post-title\"><a href=\"https:\/\/augel.kranzweb.de\/en\/historie\/german-brand-award-winner\/\">German Brand Award Winner<\/a><\/h3><\/div><div class=\"dce-item dce-item_content elementor-repeater-item-982bbfd\"><div class=\"dce-post-content\"><p>Augel is awarded the coveted German Brand Award - the initiator of the German Brand Award is the German Design Council, which was founded in 1953 on the initiative of the German Bundestag. The award honours companies that successfully stand out from the crowd on the basis of consistent brand management and sustainable brand communication.<\/p>\n<\/div><\/div>\t\t\t<\/div>\n\t\t<\/div>\n\t\t\n\t\t<div class=\"dce-timeline__block\">\n\t\t\t<div class=\"dce-timeline__img dce-timeline__img--picture dce-timeline__img--hidden\">\n\t\t\t\t\t\t\t\t\t<img decoding=\"async\" src=\"https:\/\/augel.kranzweb.de\/wp-content\/uploads\/2018\/05\/gpdm-300x300.jpg\" alt=\"\">\n\t\t\t\t\t\t\t\t<\/div>\n\n\t\t\t<div class=\"dce-timeline__content dce-timeline__content--hidden\">\n\t\t<div class=\"dce-item dce-item_date elementor-repeater-item-97a816f\">\t\t<div class=\"dce-post-date\">2018<\/div><\/div><div class=\"dce-item dce-item_image elementor-repeater-item-a3194c3\"><a class=\"dce-post-image dce-post-overlayimage\" href=\"https:\/\/augel.kranzweb.de\/en\/historie\/finalist-beim-grossen-preis-des-mittelstandes\/\"><figure  class=\"dce-img\"><img loading=\"lazy\" decoding=\"async\" width=\"800\" height=\"600\" src=\"https:\/\/augel.kranzweb.de\/wp-content\/uploads\/2018\/05\/gpdm-1024x768.jpg\" class=\"\" alt=\"FINALIST AT THE GRAND PRIX OF Small and medium-sized companies\" srcset=\"https:\/\/augel.kranzweb.de\/wp-content\/uploads\/2018\/05\/gpdm-1024x768.jpg 1024w, https:\/\/augel.kranzweb.de\/wp-content\/uploads\/2018\/05\/gpdm-600x450.jpg 600w, https:\/\/augel.kranzweb.de\/wp-content\/uploads\/2018\/05\/gpdm-768x576.jpg 768w, https:\/\/augel.kranzweb.de\/wp-content\/uploads\/2018\/05\/gpdm-16x12.jpg 16w, https:\/\/augel.kranzweb.de\/wp-content\/uploads\/2018\/05\/gpdm.jpg 1170w\" sizes=\"(max-width: 800px) 100vw, 800px\" \/><\/figure><\/a><\/div><div class=\"dce-item dce-item_title elementor-repeater-item-ccaacf3\"><h3 class=\"dce-post-title\"><a href=\"https:\/\/augel.kranzweb.de\/en\/historie\/finalist-beim-grossen-preis-des-mittelstandes\/\">FINALIST AT THE GRAND PRIX OF Small and medium-sized companies<\/a><\/h3><\/div><div class=\"dce-item dce-item_content elementor-repeater-item-982bbfd\"><div class=\"dce-post-content\"><p>This year, Augel is a finalist for the Grand Prix of Small and Medium-Sized Businesses awarded by the Oskar Patzelt Foundation.<\/p>\n<\/div><\/div>\t\t\t<\/div>\n\t\t<\/div>\n\t\t\n\t\t<div class=\"dce-timeline__block\">\n\t\t\t<div class=\"dce-timeline__img dce-timeline__img--picture dce-timeline__img--hidden\">\n\t\t\t\t\t\t\t\t\t<img decoding=\"async\" src=\"https:\/\/augel.kranzweb.de\/wp-content\/uploads\/2018\/03\/Augel-90-300x300.jpg\" alt=\"\">\n\t\t\t\t\t\t\t\t<\/div>\n\n\t\t\t<div class=\"dce-timeline__content dce-timeline__content--hidden\">\n\t\t<div class=\"dce-item dce-item_date elementor-repeater-item-97a816f\">\t\t<div class=\"dce-post-date\">2018<\/div><\/div><div class=\"dce-item dce-item_image elementor-repeater-item-a3194c3\"><a class=\"dce-post-image dce-post-overlayimage\" href=\"https:\/\/augel.kranzweb.de\/en\/historie\/90-jahre-augel\/\"><figure  class=\"dce-img\"><img loading=\"lazy\" decoding=\"async\" width=\"800\" height=\"600\" src=\"https:\/\/augel.kranzweb.de\/wp-content\/uploads\/2018\/03\/Augel-90.jpg\" class=\"\" alt=\"90 years of AUGEL\" srcset=\"https:\/\/augel.kranzweb.de\/wp-content\/uploads\/2018\/03\/Augel-90.jpg 890w, https:\/\/augel.kranzweb.de\/wp-content\/uploads\/2018\/03\/Augel-90-600x450.jpg 600w, https:\/\/augel.kranzweb.de\/wp-content\/uploads\/2018\/03\/Augel-90-768x576.jpg 768w, https:\/\/augel.kranzweb.de\/wp-content\/uploads\/2018\/03\/Augel-90-16x12.jpg 16w\" sizes=\"(max-width: 800px) 100vw, 800px\" \/><\/figure><\/a><\/div><div class=\"dce-item dce-item_title elementor-repeater-item-ccaacf3\"><h3 class=\"dce-post-title\"><a href=\"https:\/\/augel.kranzweb.de\/en\/historie\/90-jahre-augel\/\">90 years of AUGEL<\/a><\/h3><\/div><div class=\"dce-item dce-item_content elementor-repeater-item-982bbfd\"><div class=\"dce-post-content\"><p>Augel celebrates the 90th anniversary of the family business.<\/p>\n<\/div><\/div>\t\t\t<\/div>\n\t\t<\/div>\n\t\t\n\t\t<div class=\"dce-timeline__block\">\n\t\t\t<div class=\"dce-timeline__img dce-timeline__img--picture dce-timeline__img--hidden\">\n\t\t\t\t\t\t\t\t\t<img decoding=\"async\" src=\"https:\/\/augel.kranzweb.de\/wp-content\/uploads\/2018\/01\/Augel-Messe-IRO-2020-300x300.jpg\" alt=\"\">\n\t\t\t\t\t\t\t\t<\/div>\n\n\t\t\t<div class=\"dce-timeline__content dce-timeline__content--hidden\">\n\t\t<div class=\"dce-item dce-item_date elementor-repeater-item-97a816f\">\t\t<div class=\"dce-post-date\">2018<\/div><\/div><div class=\"dce-item dce-item_image elementor-repeater-item-a3194c3\"><a class=\"dce-post-image dce-post-overlayimage\" href=\"https:\/\/augel.kranzweb.de\/en\/historie\/messeauftritt-in-muenchen\/\"><figure  class=\"dce-img\"><img loading=\"lazy\" decoding=\"async\" width=\"800\" height=\"600\" src=\"https:\/\/augel.kranzweb.de\/wp-content\/uploads\/2018\/01\/Augel-Messe-IRO-2020-1024x768.jpg\" class=\"\" alt=\"TRADE FAIR ATTENDANCE IN MUNICH\" srcset=\"https:\/\/augel.kranzweb.de\/wp-content\/uploads\/2018\/01\/Augel-Messe-IRO-2020-1024x768.jpg 1024w, https:\/\/augel.kranzweb.de\/wp-content\/uploads\/2018\/01\/Augel-Messe-IRO-2020-600x450.jpg 600w, https:\/\/augel.kranzweb.de\/wp-content\/uploads\/2018\/01\/Augel-Messe-IRO-2020-768x576.jpg 768w, https:\/\/augel.kranzweb.de\/wp-content\/uploads\/2018\/01\/Augel-Messe-IRO-2020-1536x1153.jpg 1536w, https:\/\/augel.kranzweb.de\/wp-content\/uploads\/2018\/01\/Augel-Messe-IRO-2020-16x12.jpg 16w, https:\/\/augel.kranzweb.de\/wp-content\/uploads\/2018\/01\/Augel-Messe-IRO-2020.jpg 1599w\" sizes=\"(max-width: 800px) 100vw, 800px\" \/><\/figure><\/a><\/div><div class=\"dce-item dce-item_title elementor-repeater-item-ccaacf3\"><h3 class=\"dce-post-title\"><a href=\"https:\/\/augel.kranzweb.de\/en\/historie\/messeauftritt-in-muenchen\/\">TRADE FAIR ATTENDANCE IN MUNICH<\/a><\/h3><\/div><div class=\"dce-item dce-item_content elementor-repeater-item-982bbfd\"><div class=\"dce-post-content\"><p>Erstmalig pr\u00e4sentiert sich Augel als Aussteller auf der IFAT in M\u00fcnchen - Weltleitmesse f\u00fcr Wasser-, Abwasser-, Abfall-, und Rohstoffwirtschaft.<\/p>\n<\/div><\/div>\t\t\t<\/div>\n\t\t<\/div>\n\t\t\n\t\t<div class=\"dce-timeline__block\">\n\t\t\t<div class=\"dce-timeline__img dce-timeline__img--picture dce-timeline__img--hidden\">\n\t\t\t\t\t\t\t\t\t<img decoding=\"async\" src=\"https:\/\/augel.kranzweb.de\/wp-content\/uploads\/2017\/05\/Augel-gmbh-2017-scaled-300x300.jpg\" alt=\"\">\n\t\t\t\t\t\t\t\t<\/div>\n\n\t\t\t<div class=\"dce-timeline__content dce-timeline__content--hidden\">\n\t\t<div class=\"dce-item dce-item_date elementor-repeater-item-97a816f\">\t\t<div class=\"dce-post-date\">2017<\/div><\/div><div class=\"dce-item dce-item_image elementor-repeater-item-a3194c3\"><a class=\"dce-post-image dce-post-overlayimage\" href=\"https:\/\/augel.kranzweb.de\/en\/historie\/umfirmierung\/\"><figure  class=\"dce-img\"><img loading=\"lazy\" decoding=\"async\" width=\"800\" height=\"534\" src=\"https:\/\/augel.kranzweb.de\/wp-content\/uploads\/2017\/05\/Augel-gmbh-2017-scaled-1024x683.jpg\" class=\"\" alt=\"change of name\" srcset=\"https:\/\/augel.kranzweb.de\/wp-content\/uploads\/2017\/05\/Augel-gmbh-2017-scaled-1024x683.jpg 1024w, https:\/\/augel.kranzweb.de\/wp-content\/uploads\/2017\/05\/Augel-gmbh-2017-scaled-600x400.jpg 600w, https:\/\/augel.kranzweb.de\/wp-content\/uploads\/2017\/05\/Augel-gmbh-2017-scaled-768x512.jpg 768w, https:\/\/augel.kranzweb.de\/wp-content\/uploads\/2017\/05\/Augel-gmbh-2017-scaled-1536x1024.jpg 1536w, https:\/\/augel.kranzweb.de\/wp-content\/uploads\/2017\/05\/Augel-gmbh-2017-scaled-2048x1366.jpg 2048w, https:\/\/augel.kranzweb.de\/wp-content\/uploads\/2017\/05\/Augel-gmbh-2017-scaled-18x12.jpg 18w\" sizes=\"(max-width: 800px) 100vw, 800px\" \/><\/figure><\/a><\/div><div class=\"dce-item dce-item_title elementor-repeater-item-ccaacf3\"><h3 class=\"dce-post-title\"><a href=\"https:\/\/augel.kranzweb.de\/en\/historie\/umfirmierung\/\">change of name<\/a><\/h3><\/div><div class=\"dce-item dce-item_content elementor-repeater-item-982bbfd\"><div class=\"dce-post-content\"><p>Johann Augel Bauunternehmung GmbH becomes Augel GmbH - the brand is shortened and strengthened.<\/p>\n<\/div><\/div>\t\t\t<\/div>\n\t\t<\/div>\n\t\t\n\t\t<div class=\"dce-timeline__block\">\n\t\t\t<div class=\"dce-timeline__img dce-timeline__img--picture dce-timeline__img--hidden\">\n\t\t\t\t\t\t\t\t\t<img decoding=\"async\" src=\"https:\/\/augel.kranzweb.de\/wp-content\/uploads\/2017\/03\/2017-Neubau-300x300.jpg\" alt=\"\">\n\t\t\t\t\t\t\t\t<\/div>\n\n\t\t\t<div class=\"dce-timeline__content dce-timeline__content--hidden\">\n\t\t<div class=\"dce-item dce-item_date elementor-repeater-item-97a816f\">\t\t<div class=\"dce-post-date\">2017<\/div><\/div><div class=\"dce-item dce-item_image elementor-repeater-item-a3194c3\"><a class=\"dce-post-image dce-post-overlayimage\" href=\"https:\/\/augel.kranzweb.de\/en\/historie\/neubau-buerogebaeude\/\"><figure  class=\"dce-img\"><img loading=\"lazy\" decoding=\"async\" width=\"800\" height=\"600\" src=\"https:\/\/augel.kranzweb.de\/wp-content\/uploads\/2017\/03\/2017-Neubau.jpg\" class=\"\" alt=\"new office building\" srcset=\"https:\/\/augel.kranzweb.de\/wp-content\/uploads\/2017\/03\/2017-Neubau.jpg 960w, https:\/\/augel.kranzweb.de\/wp-content\/uploads\/2017\/03\/2017-Neubau-600x450.jpg 600w, https:\/\/augel.kranzweb.de\/wp-content\/uploads\/2017\/03\/2017-Neubau-768x576.jpg 768w, https:\/\/augel.kranzweb.de\/wp-content\/uploads\/2017\/03\/2017-Neubau-16x12.jpg 16w\" sizes=\"(max-width: 800px) 100vw, 800px\" \/><\/figure><\/a><\/div><div class=\"dce-item dce-item_title elementor-repeater-item-ccaacf3\"><h3 class=\"dce-post-title\"><a href=\"https:\/\/augel.kranzweb.de\/en\/historie\/neubau-buerogebaeude\/\">new office building<\/a><\/h3><\/div><div class=\"dce-item dce-item_content elementor-repeater-item-982bbfd\"><div class=\"dce-post-content\"><p>The existing office building in Windkaulweg is given a twin. 12 further office workplaces will be created.<\/p>\n<\/div><\/div>\t\t\t<\/div>\n\t\t<\/div>\n\t\t\n\t\t<div class=\"dce-timeline__block\">\n\t\t\t<div class=\"dce-timeline__img dce-timeline__img--picture dce-timeline__img--hidden\">\n\t\t\t\t\t\t\t\t\t<img decoding=\"async\" src=\"https:\/\/augel.kranzweb.de\/wp-content\/uploads\/2017\/01\/3R-7-8-2017-NEWS-IND-Augel_01-300x300.jpg\" alt=\"\">\n\t\t\t\t\t\t\t\t<\/div>\n\n\t\t\t<div class=\"dce-timeline__content dce-timeline__content--hidden\">\n\t\t<div class=\"dce-item dce-item_date elementor-repeater-item-97a816f\">\t\t<div class=\"dce-post-date\">2017<\/div><\/div><div class=\"dce-item dce-item_image elementor-repeater-item-a3194c3\"><a class=\"dce-post-image dce-post-overlayimage\" href=\"https:\/\/augel.kranzweb.de\/en\/historie\/auszeichnung-top100\/\"><figure  class=\"dce-img\"><img loading=\"lazy\" decoding=\"async\" width=\"800\" height=\"532\" src=\"https:\/\/augel.kranzweb.de\/wp-content\/uploads\/2017\/01\/3R-7-8-2017-NEWS-IND-Augel_01-1024x681.jpg\" class=\"\" alt=\"AWARD TOP100\" srcset=\"https:\/\/augel.kranzweb.de\/wp-content\/uploads\/2017\/01\/3R-7-8-2017-NEWS-IND-Augel_01-1024x681.jpg 1024w, https:\/\/augel.kranzweb.de\/wp-content\/uploads\/2017\/01\/3R-7-8-2017-NEWS-IND-Augel_01-600x399.jpg 600w, https:\/\/augel.kranzweb.de\/wp-content\/uploads\/2017\/01\/3R-7-8-2017-NEWS-IND-Augel_01-768x511.jpg 768w, https:\/\/augel.kranzweb.de\/wp-content\/uploads\/2017\/01\/3R-7-8-2017-NEWS-IND-Augel_01-1536x1022.jpg 1536w, https:\/\/augel.kranzweb.de\/wp-content\/uploads\/2017\/01\/3R-7-8-2017-NEWS-IND-Augel_01-2048x1362.jpg 2048w, https:\/\/augel.kranzweb.de\/wp-content\/uploads\/2017\/01\/3R-7-8-2017-NEWS-IND-Augel_01-18x12.jpg 18w\" sizes=\"(max-width: 800px) 100vw, 800px\" \/><\/figure><\/a><\/div><div class=\"dce-item dce-item_title elementor-repeater-item-ccaacf3\"><h3 class=\"dce-post-title\"><a href=\"https:\/\/augel.kranzweb.de\/en\/historie\/auszeichnung-top100\/\">AWARD TOP100<\/a><\/h3><\/div><div class=\"dce-item dce-item_content elementor-repeater-item-982bbfd\"><div class=\"dce-post-content\"><p>Augel is honoured by the award of the TOP100 seal as one of the most innovative companies in German medium-sized businesses.<\/p>\n<\/div><\/div>\t\t\t<\/div>\n\t\t<\/div>\n\t\t\n\t\t<div class=\"dce-timeline__block\">\n\t\t\t<div class=\"dce-timeline__img dce-timeline__img--picture dce-timeline__img--hidden\">\n\t\t\t\t\t\t\t\t\t<img decoding=\"async\" src=\"https:\/\/augel.kranzweb.de\/wp-content\/uploads\/2016\/01\/Augel-Bauma-Inno-Preis-2016-300x300.jpg\" alt=\"\">\n\t\t\t\t\t\t\t\t<\/div>\n\n\t\t\t<div class=\"dce-timeline__content dce-timeline__content--hidden\">\n\t\t<div class=\"dce-item dce-item_date elementor-repeater-item-97a816f\">\t\t<div class=\"dce-post-date\">2016<\/div><\/div><div class=\"dce-item dce-item_image elementor-repeater-item-a3194c3\"><a class=\"dce-post-image dce-post-overlayimage\" href=\"https:\/\/augel.kranzweb.de\/en\/historie\/bauma-innovationspreis\/\"><figure  class=\"dce-img\"><img loading=\"lazy\" decoding=\"async\" width=\"800\" height=\"534\" src=\"https:\/\/augel.kranzweb.de\/wp-content\/uploads\/2016\/01\/Augel-Bauma-Inno-Preis-2016-1024x683.jpg\" class=\"\" alt=\"BAUMA INNOVATION AWARD\" srcset=\"https:\/\/augel.kranzweb.de\/wp-content\/uploads\/2016\/01\/Augel-Bauma-Inno-Preis-2016-1024x683.jpg 1024w, https:\/\/augel.kranzweb.de\/wp-content\/uploads\/2016\/01\/Augel-Bauma-Inno-Preis-2016-600x400.jpg 600w, https:\/\/augel.kranzweb.de\/wp-content\/uploads\/2016\/01\/Augel-Bauma-Inno-Preis-2016-768x512.jpg 768w, https:\/\/augel.kranzweb.de\/wp-content\/uploads\/2016\/01\/Augel-Bauma-Inno-Preis-2016-1536x1024.jpg 1536w, https:\/\/augel.kranzweb.de\/wp-content\/uploads\/2016\/01\/Augel-Bauma-Inno-Preis-2016-18x12.jpg 18w, https:\/\/augel.kranzweb.de\/wp-content\/uploads\/2016\/01\/Augel-Bauma-Inno-Preis-2016.jpg 1962w\" sizes=\"(max-width: 800px) 100vw, 800px\" \/><\/figure><\/a><\/div><div class=\"dce-item dce-item_title elementor-repeater-item-ccaacf3\"><h3 class=\"dce-post-title\"><a href=\"https:\/\/augel.kranzweb.de\/en\/historie\/bauma-innovationspreis\/\">BAUMA INNOVATION AWARD<\/a><\/h3><\/div><div class=\"dce-item dce-item_content elementor-repeater-item-982bbfd\"><div class=\"dce-post-content\"><p>For the RFID system Bau(hof)logistik 4.0, developed in cooperation with the University of Wuppertal, Augel is nominated for the Bauma Innovation Award.<\/p>\n<\/div><\/div>\t\t\t<\/div>\n\t\t<\/div>\n\t\t\t\t\t<\/div>\n\t\t\t\t\t<\/div>\n\t\t\t\t\t\t<\/div>\n\t\t\t\t<\/div>\n\t\t\t\t<div class=\"elementor-element elementor-element-3d591bd elementor-align-center elementor-tablet-align-left elementor-mobile-align-justify elementor-widget elementor-widget-button\" data-id=\"3d591bd\" data-element_type=\"widget\" data-e-type=\"widget\" data-widget_type=\"button.default\">\n\t\t\t\t\t\t\t\t\t\t<a class=\"elementor-button elementor-button-link elementor-size-sm\" href=\"https:\/\/augel.kranzweb.de\/en\/historie-it\/\">\n\t\t\t\t\t\t<span class=\"elementor-button-content-wrapper\">\n\t\t\t\t\t\t\t\t\t<span class=\"elementor-button-text\">zur Historie unserer IT<\/span>\n\t\t\t\t\t<\/span>\n\t\t\t\t\t<\/a>\n\t\t\t\t\t\t\t\t<\/div>\n\t\t\t\t<\/div>\n\t\t\t\t<\/div>","protected":false},"excerpt":{"rendered":"<p>Historie 2023 Auszeichnung mit dem Ditigital X Award Augel erzielte beim Digital X Award 2023 in der Kategorie Zukunft der Arbeit den ersten Rang: in der Kategorie steht vor allem eine moderne Unternehmenskultur im Vordergrund, die Mitarbeitende aktiv in Digitalisierungsprozesse einbindet. 2023 Preistr\u00e4ger Gro\u00dfer Preis des Mittelstandes Nachdem wir bereits 12 Mal nominiert und 2018 [&hellip;]<\/p>\n","protected":false},"author":3,"featured_media":628,"parent":0,"menu_order":16,"comment_status":"closed","ping_status":"closed","template":"","meta":{"_acf_changed":false,"footnotes":""},"class_list":["post-517","page","type-page","status-publish","has-post-thumbnail","hentry"],"acf":[],"_links":{"self":[{"href":"https:\/\/augel.kranzweb.de\/en\/wp-json\/wp\/v2\/pages\/517","targetHints":{"allow":["GET"]}}],"collection":[{"href":"https:\/\/augel.kranzweb.de\/en\/wp-json\/wp\/v2\/pages"}],"about":[{"href":"https:\/\/augel.kranzweb.de\/en\/wp-json\/wp\/v2\/types\/page"}],"author":[{"embeddable":true,"href":"https:\/\/augel.kranzweb.de\/en\/wp-json\/wp\/v2\/users\/3"}],"replies":[{"embeddable":true,"href":"https:\/\/augel.kranzweb.de\/en\/wp-json\/wp\/v2\/comments?post=517"}],"version-history":[{"count":15,"href":"https:\/\/augel.kranzweb.de\/en\/wp-json\/wp\/v2\/pages\/517\/revisions"}],"predecessor-version":[{"id":13208,"href":"https:\/\/augel.kranzweb.de\/en\/wp-json\/wp\/v2\/pages\/517\/revisions\/13208"}],"wp:featuredmedia":[{"embeddable":true,"href":"https:\/\/augel.kranzweb.de\/en\/wp-json\/wp\/v2\/media\/628"}],"wp:attachment":[{"href":"https:\/\/augel.kranzweb.de\/en\/wp-json\/wp\/v2\/media?parent=517"}],"curies":[{"name":"wp","href":"https:\/\/api.w.org\/{rel}","templated":true}]}}